{"id":1672,"date":"2021-03-09T11:02:54","date_gmt":"2021-03-09T11:02:54","guid":{"rendered":"https:\/\/hellisholar.is\/um-okkur\/"},"modified":"2023-07-25T12:36:04","modified_gmt":"2023-07-25T12:36:04","slug":"um-okkur","status":"publish","type":"page","link":"https:\/\/hellisholar.is\/is\/um-okkur\/","title":{"rendered":"Um Okkur"},"content":{"rendered":"\t\t<div data-elementor-type=\"wp-post\" data-elementor-id=\"1672\" class=\"elementor elementor-1672 elementor-86\" data-elementor-post-type=\"page\">\n\t\t\t\t\t\t<section class=\"elementor-section elementor-top-section elementor-element elementor-element-14b7171 elementor-section-height-min-height elementor-section-boxed elementor-section-height-default elementor-section-items-middle\" data-id=\"14b7171\" data-element_type=\"section\" data-e-type=\"section\" data-settings=\"{&quot;background_background&quot;:&quot;classic&quot;}\">\n\t\t\t\t\t\t\t<div class=\"elementor-background-overlay\"><\/div>\n\t\t\t\t\t\t\t<div class=\"elementor-container elementor-column-gap-default\">\n\t\t\t\t\t<div class=\"elementor-column elementor-col-100 elementor-top-column elementor-element elementor-element-6826c5a8\" data-id=\"6826c5a8\" data-element_type=\"column\" data-e-type=\"column\">\n\t\t\t<div class=\"elementor-widget-wrap elementor-element-populated\">\n\t\t\t\t\t\t<section class=\"elementor-section elementor-inner-section elementor-element elementor-element-3937642b elementor-section-boxed elementor-section-height-default elementor-section-height-default\" data-id=\"3937642b\" data-element_type=\"section\" data-e-type=\"section\">\n\t\t\t\t\t\t<div class=\"elementor-container elementor-column-gap-default\">\n\t\t\t\t\t<div class=\"elementor-column elementor-col-100 elementor-inner-column elementor-element elementor-element-59db7f0e\" data-id=\"59db7f0e\" data-element_type=\"column\" data-e-type=\"column\">\n\t\t\t<div class=\"elementor-widget-wrap elementor-element-populated\">\n\t\t\t\t\t\t<div class=\"elementor-element elementor-element-50e09cbc elementor-widget elementor-widget-text-editor\" data-id=\"50e09cbc\" data-element_type=\"widget\" data-e-type=\"widget\" data-widget_type=\"text-editor.default\">\n\t\t\t\t<div class=\"elementor-widget-container\">\n\t\t\t\t\t\t\t\t\t<p>SAGAN AF HELLISH\u00d3LUM<\/p>\n\t\t\t\t\t\t\t\t<\/div>\n\t\t\t\t<\/div>\n\t\t\t\t\t<\/div>\n\t\t<\/div>\n\t\t\t\t\t<\/div>\n\t\t<\/section>\n\t\t\t\t\t<\/div>\n\t\t<\/div>\n\t\t\t\t\t<\/div>\n\t\t<\/section>\n\t\t\t\t<section class=\"elementor-section elementor-top-section elementor-element elementor-element-45fa9ab3 elementor-section-boxed elementor-section-height-default elementor-section-height-default\" data-id=\"45fa9ab3\" data-element_type=\"section\" data-e-type=\"section\" data-settings=\"{&quot;background_background&quot;:&quot;classic&quot;}\">\n\t\t\t\t\t\t<div class=\"elementor-container elementor-column-gap-default\">\n\t\t\t\t\t<div class=\"elementor-column elementor-col-100 elementor-top-column elementor-element elementor-element-6cede5fc\" data-id=\"6cede5fc\" data-element_type=\"column\" data-e-type=\"column\">\n\t\t\t<div class=\"elementor-widget-wrap elementor-element-populated\">\n\t\t\t\t\t\t<div class=\"elementor-element elementor-element-4d0d59fb elementor-widget-divider--view-line elementor-widget elementor-widget-divider\" data-id=\"4d0d59fb\" data-element_type=\"widget\" data-e-type=\"widget\" data-widget_type=\"divider.default\">\n\t\t\t\t<div class=\"elementor-widget-container\">\n\t\t\t\t\t\t\t<div class=\"elementor-divider\">\n\t\t\t<span class=\"elementor-divider-separator\">\n\t\t\t\t\t\t<\/span>\n\t\t<\/div>\n\t\t\t\t\t\t<\/div>\n\t\t\t\t<\/div>\n\t\t\t\t<div class=\"elementor-element elementor-element-65d07309 elementor-widget elementor-widget-text-editor\" data-id=\"65d07309\" data-element_type=\"widget\" data-e-type=\"widget\" data-widget_type=\"text-editor.default\">\n\t\t\t\t<div class=\"elementor-widget-container\">\n\t\t\t\t\t\t\t\t\t<h3><strong>Parad\u00eds \u00e1 \u00cdslandi<\/strong><\/h3>\n<p>Hellish\u00f3lar voru bygg\u00f0ir \u00e1ri\u00f0 1952 og hef\u00f0bundinn b\u00faskapur var stunda\u00f0ur \u00e1 j\u00f6r\u00f0inni til \u00e1rsins 2000. \u00c1ri\u00f0 2000 \u00e1kva\u00f0 b\u00f3ndinn sem \u00e1tti b\u00fai\u00f0 og starfa\u00f0 haf\u00f0i \u00e1 b\u00e6num fr\u00e1 \u00e1rinu 1990 a\u00f0 h\u00e6tta vi\u00f0 hef\u00f0bundinn b\u00faskap og reka fer\u00f0a\u00fej\u00f3nustu. \u00c1kve\u00f0i\u00f0 var a\u00f0 gera j\u00f6r\u00f0ina a\u00f0 fer\u00f0amannasta\u00f0 me\u00f0 fj\u00f6lbreyttri a\u00f0st\u00f6\u00f0u og \u00fej\u00f3nustu og allur b\u00fafj\u00e1r- og framlei\u00f0slur\u00e9ttur jar\u00f0arinnar var seldur. \u00c1 fyrri hluta \u00e1rs 2001 var hafist handa vi\u00f0 byggingu fer\u00f0a\u00fej\u00f3nustumannvirkja.<\/p>\n<p>\u00cd lok \u00e1rs 2004 keypti V\u00ed\u00f0ir J\u00f3hannsson b\u00fdli\u00f0.<\/p>\n<p>Fr\u00e1 \u00e1rinu 2004 hefur V\u00ed\u00f0ir gert mikla uppbyggingu \u00e1 Hellish\u00f3lum sem \u00ed dag er einn st\u00e6rsti fer\u00f0amannasta\u00f0ur \u00e1 \u00cdslandi.<\/p>\n<p>Hellish\u00f3lar b\u00fd\u00f0ur upp \u00e1:<\/p>\n<ul>\n<li><strong>36 herbergja h\u00f3tel<\/strong><\/li>\n<li><strong>24 sumarh\u00fas<\/strong><\/li>\n<li><strong>Veitingasta\u00f0<\/strong><\/li>\n<li><strong>Tjaldsv\u00e6\u00f0i<\/strong><\/li>\n<li><strong>Leikv\u00f6ll fyrir b\u00f6rn<\/strong><\/li>\n<li><strong>9 holu golfv\u00f6ll<\/strong><\/li>\n<li><strong>Vei\u00f0ivatn<\/strong><\/li>\n<li><strong>Laxvei\u00f0i\u00e1<\/strong><\/li>\n<li><strong>G\u00f6ngulei\u00f0ir<\/strong><\/li>\n<\/ul>\n<p>Meginmarkmi\u00f0 starfsf\u00f3lksins er a\u00f0 \u00f6llum l\u00ed\u00f0i vel \u00e1 me\u00f0an \u00e1 dv\u00f6linni stendur og hafa \u00fev\u00ed alltaf augun opin fyrir \u00fev\u00ed hvernig h\u00e6gt er a\u00f0 gera sta\u00f0inn a\u00f0 einni bestu parad\u00eds \u00e1 \u00cdslandi.<\/p>\n\t\t\t\t\t\t\t\t<\/div>\n\t\t\t\t<\/div>\n\t\t\t\t\t<\/div>\n\t\t<\/div>\n\t\t\t\t\t<\/div>\n\t\t<\/section>\n\t\t\t\t<\/div>\n\t\t","protected":false},"excerpt":{"rendered":"<p>SAGAN AF HELLISH\u00d3LUM Parad\u00eds \u00e1 \u00cdslandi Hellish\u00f3lar voru bygg\u00f0ir \u00e1ri\u00f0 1952 og hef\u00f0bundinn b\u00faskapur var stunda\u00f0ur \u00e1 j\u00f6r\u00f0inni til \u00e1rsins 2000. \u00c1ri\u00f0 2000 \u00e1kva\u00f0 b\u00f3ndinn sem \u00e1tti b\u00fai\u00f0 og starfa\u00f0 haf\u00f0i \u00e1 b\u00e6num fr\u00e1 \u00e1rinu 1990 a\u00f0 h\u00e6tta vi\u00f0 hef\u00f0bundinn b\u00faskap og reka fer\u00f0a\u00fej\u00f3nustu. \u00c1kve\u00f0i\u00f0 var a\u00f0 gera j\u00f6r\u00f0ina a\u00f0 fer\u00f0amannasta\u00f0 me\u00f0 fj\u00f6lbreyttri a\u00f0st\u00f6\u00f0u og [&hellip;]<\/p>\n","protected":false},"author":1,"featured_media":0,"parent":0,"menu_order":0,"comment_status":"closed","ping_status":"closed","template":"","meta":{"footnotes":""},"class_list":["post-1672","page","type-page","status-publish","hentry"],"_links":{"self":[{"href":"https:\/\/hellisholar.is\/is\/wp-json\/wp\/v2\/pages\/1672","targetHints":{"allow":["GET"]}}],"collection":[{"href":"https:\/\/hellisholar.is\/is\/wp-json\/wp\/v2\/pages"}],"about":[{"href":"https:\/\/hellisholar.is\/is\/wp-json\/wp\/v2\/types\/page"}],"author":[{"embeddable":true,"href":"https:\/\/hellisholar.is\/is\/wp-json\/wp\/v2\/users\/1"}],"replies":[{"embeddable":true,"href":"https:\/\/hellisholar.is\/is\/wp-json\/wp\/v2\/comments?post=1672"}],"version-history":[{"count":25,"href":"https:\/\/hellisholar.is\/is\/wp-json\/wp\/v2\/pages\/1672\/revisions"}],"predecessor-version":[{"id":2391,"href":"https:\/\/hellisholar.is\/is\/wp-json\/wp\/v2\/pages\/1672\/revisions\/2391"}],"wp:attachment":[{"href":"https:\/\/hellisholar.is\/is\/wp-json\/wp\/v2\/media?parent=1672"}],"curies":[{"name":"wp","href":"https:\/\/api.w.org\/{rel}","templated":true}]}}