{"id":1710,"date":"2021-03-09T11:17:48","date_gmt":"2021-03-09T11:17:48","guid":{"rendered":"https:\/\/hellisholar.is\/gjafabref\/"},"modified":"2022-08-30T09:56:25","modified_gmt":"2022-08-30T09:56:25","slug":"gjafabref","status":"publish","type":"page","link":"https:\/\/hellisholar.is\/is\/gjafabref\/","title":{"rendered":"Gjafabr\u00e9f"},"content":{"rendered":"\t\t<div data-elementor-type=\"wp-page\" data-elementor-id=\"1710\" class=\"elementor elementor-1710 elementor-1465\" data-elementor-post-type=\"page\">\n\t\t\t\t\t\t<section class=\"elementor-section elementor-top-section elementor-element elementor-element-27367659 elementor-section-height-min-height elementor-section-boxed elementor-section-height-default elementor-section-items-middle\" data-id=\"27367659\" data-element_type=\"section\" data-e-type=\"section\" data-settings=\"{&quot;background_background&quot;:&quot;classic&quot;}\">\n\t\t\t\t\t\t\t<div class=\"elementor-background-overlay\"><\/div>\n\t\t\t\t\t\t\t<div class=\"elementor-container elementor-column-gap-default\">\n\t\t\t\t\t<div class=\"elementor-column elementor-col-100 elementor-top-column elementor-element elementor-element-4dae69be\" data-id=\"4dae69be\" data-element_type=\"column\" data-e-type=\"column\">\n\t\t\t<div class=\"elementor-widget-wrap elementor-element-populated\">\n\t\t\t\t\t\t<section class=\"elementor-section elementor-inner-section elementor-element elementor-element-20915aee elementor-section-boxed elementor-section-height-default elementor-section-height-default\" data-id=\"20915aee\" data-element_type=\"section\" data-e-type=\"section\">\n\t\t\t\t\t\t<div class=\"elementor-container elementor-column-gap-default\">\n\t\t\t\t\t<div class=\"elementor-column elementor-col-100 elementor-inner-column elementor-element elementor-element-2bc61ad7\" data-id=\"2bc61ad7\" data-element_type=\"column\" data-e-type=\"column\">\n\t\t\t<div class=\"elementor-widget-wrap elementor-element-populated\">\n\t\t\t\t\t\t<div class=\"elementor-element elementor-element-73e954a8 elementor-widget elementor-widget-text-editor\" data-id=\"73e954a8\" data-element_type=\"widget\" data-e-type=\"widget\" data-widget_type=\"text-editor.default\">\n\t\t\t\t<div class=\"elementor-widget-container\">\n\t\t\t\t\t\t\t\t\tGjafabr\u00e9f\t\t\t\t\t\t\t\t<\/div>\n\t\t\t\t<\/div>\n\t\t\t\t\t<\/div>\n\t\t<\/div>\n\t\t\t\t\t<\/div>\n\t\t<\/section>\n\t\t\t\t\t<\/div>\n\t\t<\/div>\n\t\t\t\t\t<\/div>\n\t\t<\/section>\n\t\t\t\t<section class=\"elementor-section elementor-top-section elementor-element elementor-element-441ec640 elementor-section-boxed elementor-section-height-default elementor-section-height-default\" data-id=\"441ec640\" data-element_type=\"section\" data-e-type=\"section\">\n\t\t\t\t\t\t<div class=\"elementor-container elementor-column-gap-default\">\n\t\t\t\t\t<div class=\"elementor-column elementor-col-100 elementor-top-column elementor-element elementor-element-1da141aa\" data-id=\"1da141aa\" data-element_type=\"column\" data-e-type=\"column\">\n\t\t\t<div class=\"elementor-widget-wrap elementor-element-populated\">\n\t\t\t\t\t\t<div class=\"elementor-element elementor-element-2b070a4d elementor-widget elementor-widget-heading\" data-id=\"2b070a4d\" data-element_type=\"widget\" data-e-type=\"widget\" data-widget_type=\"heading.default\">\n\t\t\t\t<div class=\"elementor-widget-container\">\n\t\t\t\t\t<h2 class=\"elementor-heading-title elementor-size-default\">H\u00e9r getur \u00fe\u00fa fundi\u00f0 gjafabr\u00e9f fyrir hin \u00fdmsu upplifanir \u00e1 Hellish\u00f3lum. Tilvali\u00f0 \u00ed gj\u00f6f fyrir vini, fj\u00f6lskyldu og vandamenn.<\/h2>\t\t\t\t<\/div>\n\t\t\t\t<\/div>\n\t\t\t\t\t<\/div>\n\t\t<\/div>\n\t\t\t\t\t<\/div>\n\t\t<\/section>\n\t\t\t\t<\/div>\n\t\t","protected":false},"excerpt":{"rendered":"<p>Gjafabr\u00e9f H\u00e9r getur \u00fe\u00fa fundi\u00f0 gjafabr\u00e9f fyrir hin \u00fdmsu upplifanir \u00e1 Hellish\u00f3lum. Tilvali\u00f0 \u00ed gj\u00f6f fyrir vini, fj\u00f6lskyldu og vandamenn. Campsite &#8211; 2 nights for 2 persons 8500&nbsp;kr. Add to cart Golf for 2 persons 10000&nbsp;kr. Add to cart Golf &#038; hamburger 7500&nbsp;kr. Add to cart Accommodation for 2 persons including breakfast 48000&nbsp;kr. Add to [&hellip;]<\/p>\n","protected":false},"author":1,"featured_media":0,"parent":0,"menu_order":0,"comment_status":"closed","ping_status":"closed","template":"","meta":{"footnotes":""},"class_list":["post-1710","page","type-page","status-publish","hentry"],"_links":{"self":[{"href":"https:\/\/hellisholar.is\/is\/wp-json\/wp\/v2\/pages\/1710","targetHints":{"allow":["GET"]}}],"collection":[{"href":"https:\/\/hellisholar.is\/is\/wp-json\/wp\/v2\/pages"}],"about":[{"href":"https:\/\/hellisholar.is\/is\/wp-json\/wp\/v2\/types\/page"}],"author":[{"embeddable":true,"href":"https:\/\/hellisholar.is\/is\/wp-json\/wp\/v2\/users\/1"}],"replies":[{"embeddable":true,"href":"https:\/\/hellisholar.is\/is\/wp-json\/wp\/v2\/comments?post=1710"}],"version-history":[{"count":3,"href":"https:\/\/hellisholar.is\/is\/wp-json\/wp\/v2\/pages\/1710\/revisions"}],"predecessor-version":[{"id":2183,"href":"https:\/\/hellisholar.is\/is\/wp-json\/wp\/v2\/pages\/1710\/revisions\/2183"}],"wp:attachment":[{"href":"https:\/\/hellisholar.is\/is\/wp-json\/wp\/v2\/media?parent=1710"}],"curies":[{"name":"wp","href":"https:\/\/api.w.org\/{rel}","templated":true}]}}