{"id":1736,"date":"2021-03-09T11:25:51","date_gmt":"2021-03-09T11:25:51","guid":{"rendered":"https:\/\/hellisholar.is\/veitingastadur\/"},"modified":"2022-09-06T08:59:53","modified_gmt":"2022-09-06T08:59:53","slug":"veitingastadur","status":"publish","type":"page","link":"https:\/\/hellisholar.is\/is\/veitingastadur\/","title":{"rendered":"VEITINGASTA\u00d0UR"},"content":{"rendered":"\t\t<div data-elementor-type=\"wp-post\" data-elementor-id=\"1736\" class=\"elementor elementor-1736 elementor-253\" data-elementor-post-type=\"page\">\n\t\t\t\t\t\t<section class=\"elementor-section elementor-top-section elementor-element elementor-element-271b9103 elementor-section-boxed elementor-section-height-default elementor-section-height-default\" data-id=\"271b9103\" data-element_type=\"section\" data-e-type=\"section\" data-settings=\"{&quot;background_background&quot;:&quot;classic&quot;}\">\n\t\t\t\t\t\t<div class=\"elementor-container elementor-column-gap-default\">\n\t\t\t\t\t<div class=\"elementor-column elementor-col-100 elementor-top-column elementor-element elementor-element-30425248\" data-id=\"30425248\" data-element_type=\"column\" data-e-type=\"column\">\n\t\t\t<div class=\"elementor-widget-wrap elementor-element-populated\">\n\t\t\t\t\t\t<div class=\"elementor-element elementor-element-56f6c85 elementor-widget elementor-widget-image\" data-id=\"56f6c85\" data-element_type=\"widget\" data-e-type=\"widget\" data-widget_type=\"image.default\">\n\t\t\t\t<div class=\"elementor-widget-container\">\n\t\t\t\t\t\t\t\t\t\t\t\t\t\t\t<img fetchpriority=\"high\" decoding=\"async\" width=\"1229\" height=\"687\" src=\"https:\/\/hellisholar.is\/wp-content\/uploads\/2022\/09\/hh3.jpeg\" class=\"attachment-full size-full wp-image-2274\" alt=\"Hygge Iceland\" srcset=\"https:\/\/hellisholar.is\/wp-content\/uploads\/2022\/09\/hh3.jpeg 1229w, https:\/\/hellisholar.is\/wp-content\/uploads\/2022\/09\/hh3-300x168.jpeg 300w, https:\/\/hellisholar.is\/wp-content\/uploads\/2022\/09\/hh3-1024x572.jpeg 1024w, https:\/\/hellisholar.is\/wp-content\/uploads\/2022\/09\/hh3-768x429.jpeg 768w, https:\/\/hellisholar.is\/wp-content\/uploads\/2022\/09\/hh3-600x335.jpeg 600w\" sizes=\"(max-width: 1229px) 100vw, 1229px\" \/>\t\t\t\t\t\t\t\t\t\t\t\t\t\t\t<\/div>\n\t\t\t\t<\/div>\n\t\t\t\t<div class=\"elementor-element elementor-element-e78465c elementor-widget elementor-widget-text-editor\" data-id=\"e78465c\" data-element_type=\"widget\" data-e-type=\"widget\" data-widget_type=\"text-editor.default\">\n\t\t\t\t<div class=\"elementor-widget-container\">\n\t\t\t\t\t\t\t\t\t<p>VEITINGASTA\u00d0UR<\/p>\n\t\t\t\t\t\t\t\t<\/div>\n\t\t\t\t<\/div>\n\t\t\t\t<div class=\"elementor-element elementor-element-42203fdf elementor-widget-divider--view-line elementor-widget elementor-widget-divider\" data-id=\"42203fdf\" data-element_type=\"widget\" data-e-type=\"widget\" data-widget_type=\"divider.default\">\n\t\t\t\t<div class=\"elementor-widget-container\">\n\t\t\t\t\t\t\t<div class=\"elementor-divider\">\n\t\t\t<span class=\"elementor-divider-separator\">\n\t\t\t\t\t\t<\/span>\n\t\t<\/div>\n\t\t\t\t\t\t<\/div>\n\t\t\t\t<\/div>\n\t\t\t\t<section class=\"elementor-section elementor-inner-section elementor-element elementor-element-0569a7a elementor-section-boxed elementor-section-height-default elementor-section-height-default\" data-id=\"0569a7a\" data-element_type=\"section\" data-e-type=\"section\">\n\t\t\t\t\t\t<div class=\"elementor-container elementor-column-gap-default\">\n\t\t\t\t\t<div class=\"elementor-column elementor-col-100 elementor-inner-column elementor-element elementor-element-cfac79d\" data-id=\"cfac79d\" data-element_type=\"column\" data-e-type=\"column\">\n\t\t\t<div class=\"elementor-widget-wrap elementor-element-populated\">\n\t\t\t\t\t\t<div class=\"elementor-element elementor-element-5a9f92e elementor-widget elementor-widget-text-editor\" data-id=\"5a9f92e\" data-element_type=\"widget\" data-e-type=\"widget\" data-widget_type=\"text-editor.default\">\n\t\t\t\t<div class=\"elementor-widget-container\">\n\t\t\t\t\t\t\t\t\t<p>Veitingasta\u00f0urinn okkar og r\u00e1\u00f0stefnusalur tekur allt a\u00f0 130 manns \u00ed s\u00e6ti og er me\u00f0 st\u00f3rt sj\u00f3nvarp, skj\u00e1varpa og kara\u00f3k\u00edb\u00fana\u00f0. Hann er kj\u00f6rinn vettvangur fyrir alls kyns samkomur, s.s. afm\u00e6li, br\u00fa\u00f0kaup, fundi og r\u00e1\u00f0stefnur. \u00dea\u00f0 b\u00fd\u00f0ur einnig upp \u00e1 venjulegan veitingasta\u00f0 yfir sumart\u00edmann og er opinn fr\u00e1 07:00 til 23:00. Flestir r\u00e9ttirnir okkar eru gl\u00fateinlausir og \u00feeir eru allir ger\u00f0ir fr\u00e1 grunni. Vi\u00f0 erum vegan og gr\u00e6nmetisv\u00e6n. Markmi\u00f0 okkar er hollur, brag\u00f0g\u00f3\u00f0ur, fallegur og h\u00e1g\u00e6\u00f0a matur \u00e1 sanngj\u00f6rnu ver\u00f0i.<\/p>\n\t\t\t\t\t\t\t\t<\/div>\n\t\t\t\t<\/div>\n\t\t\t\t<div class=\"elementor-element elementor-element-d626abc elementor-widget elementor-widget-text-editor\" data-id=\"d626abc\" data-element_type=\"widget\" data-e-type=\"widget\" data-widget_type=\"text-editor.default\">\n\t\t\t\t<div class=\"elementor-widget-container\">\n\t\t\t\t\t\t\t\t\t<p>\u00cd veitingask\u00e1lanum er bar \u00fear sem h\u00e6gt er a\u00f0 versla \u00e1fenga\/\u00f3\u00e1fenga drykki og kokteila eins og \u00feeir gerast bestir. Barinn er opinn til kl. 23 alla virka daga yfir sumari\u00f0 og til kl. 1 um helgar e\u00f0a til kl. 3 vi\u00f0 \u00e1kve\u00f0in tilefni. Miki\u00f0 stu\u00f0 er \u00e1 barnum og eru \u00f3f\u00e1 skiptin sem f\u00f3lk hefur fest hugi saman \u00e1 Hellish\u00f3labar og kemur aftur og aftur til a\u00f0 halda upp \u00e1 fars\u00e6l kynni. Risaskj\u00e1r er vi\u00f0 barinn \u00fear sem t.d. er h\u00e6gt a\u00f0 horfa \u00e1 hina \u00fdmsu \u00ed\u00fer\u00f3ttavi\u00f0bur\u00f0i. Auk \u00feess er karaoke kerfi tengt vi\u00f0 m\u00edkraf\u00f3ninn og hafa \u00fdmsir s\u00f6ngelskir a\u00f0ilar l\u00e1ti\u00f0 \u00ed s\u00e9r heyra.<\/p>\n\t\t\t\t\t\t\t\t<\/div>\n\t\t\t\t<\/div>\n\t\t\t\t<div class=\"elementor-element elementor-element-7eee86f elementor-align-center elementor-widget elementor-widget-button\" data-id=\"7eee86f\" data-element_type=\"widget\" data-e-type=\"widget\" data-widget_type=\"button.default\">\n\t\t\t\t<div class=\"elementor-widget-container\">\n\t\t\t\t\t\t\t\t\t<div class=\"elementor-button-wrapper\">\n\t\t\t\t\t<a class=\"elementor-button elementor-button-link elementor-size-md\" href=\"mailto:hellisholar@hellisholar.is\">\n\t\t\t\t\t\t<span class=\"elementor-button-content-wrapper\">\n\t\t\t\t\t\t\t\t\t<span class=\"elementor-button-text\">B\u00d3KA BOR\u00d0<\/span>\n\t\t\t\t\t<\/span>\n\t\t\t\t\t<\/a>\n\t\t\t\t<\/div>\n\t\t\t\t\t\t\t\t<\/div>\n\t\t\t\t<\/div>\n\t\t\t\t<div class=\"elementor-element elementor-element-6ffa345 elementor-widget elementor-widget-video\" data-id=\"6ffa345\" data-element_type=\"widget\" data-e-type=\"widget\" data-settings=\"{&quot;youtube_url&quot;:&quot;https:\\\/\\\/youtu.be\\\/e3leQmvuALY&quot;,&quot;video_type&quot;:&quot;youtube&quot;,&quot;controls&quot;:&quot;yes&quot;}\" data-widget_type=\"video.default\">\n\t\t\t\t<div class=\"elementor-widget-container\">\n\t\t\t\t\t\t\t<div class=\"elementor-wrapper elementor-open-inline\">\n\t\t\t<div class=\"elementor-video\"><\/div>\t\t<\/div>\n\t\t\t\t\t\t<\/div>\n\t\t\t\t<\/div>\n\t\t\t\t\t<\/div>\n\t\t<\/div>\n\t\t\t\t\t<\/div>\n\t\t<\/section>\n\t\t\t\t\t<\/div>\n\t\t<\/div>\n\t\t\t\t\t<\/div>\n\t\t<\/section>\n\t\t\t\t<section class=\"elementor-section elementor-top-section elementor-element elementor-element-eb6fc64 elementor-section-boxed elementor-section-height-default elementor-section-height-default\" data-id=\"eb6fc64\" data-element_type=\"section\" data-e-type=\"section\">\n\t\t\t\t\t\t<div class=\"elementor-container elementor-column-gap-default\">\n\t\t\t\t\t<div class=\"elementor-column elementor-col-33 elementor-top-column elementor-element elementor-element-ed9346f\" data-id=\"ed9346f\" data-element_type=\"column\" data-e-type=\"column\">\n\t\t\t<div class=\"elementor-widget-wrap elementor-element-populated\">\n\t\t\t\t\t\t<div class=\"elementor-element elementor-element-17ddd9d elementor-widget elementor-widget-image\" data-id=\"17ddd9d\" data-element_type=\"widget\" data-e-type=\"widget\" data-widget_type=\"image.default\">\n\t\t\t\t<div class=\"elementor-widget-container\">\n\t\t\t\t\t\t\t\t\t\t\t\t\t\t\t<img decoding=\"async\" width=\"621\" height=\"478\" src=\"https:\/\/hellisholar.is\/wp-content\/uploads\/2022\/08\/food.jpg\" class=\"attachment-large size-large wp-image-2116\" alt=\"food\" srcset=\"https:\/\/hellisholar.is\/wp-content\/uploads\/2022\/08\/food.jpg 621w, https:\/\/hellisholar.is\/wp-content\/uploads\/2022\/08\/food-300x231.jpg 300w, https:\/\/hellisholar.is\/wp-content\/uploads\/2022\/08\/food-600x462.jpg 600w\" sizes=\"(max-width: 621px) 100vw, 621px\" \/>\t\t\t\t\t\t\t\t\t\t\t\t\t\t\t<\/div>\n\t\t\t\t<\/div>\n\t\t\t\t<div class=\"elementor-element elementor-element-0bfb6a2 elementor-widget elementor-widget-image\" data-id=\"0bfb6a2\" data-element_type=\"widget\" data-e-type=\"widget\" data-widget_type=\"image.default\">\n\t\t\t\t<div class=\"elementor-widget-container\">\n\t\t\t\t\t\t\t\t\t\t\t\t\t\t\t<img decoding=\"async\" width=\"768\" height=\"432\" src=\"https:\/\/hellisholar.is\/wp-content\/uploads\/2022\/09\/hh1-768x432.jpg\" class=\"attachment-medium_large size-medium_large wp-image-2264\" alt=\"restaurant bar\" srcset=\"https:\/\/hellisholar.is\/wp-content\/uploads\/2022\/09\/hh1-768x432.jpg 768w, https:\/\/hellisholar.is\/wp-content\/uploads\/2022\/09\/hh1-300x169.jpg 300w, https:\/\/hellisholar.is\/wp-content\/uploads\/2022\/09\/hh1-600x338.jpg 600w, https:\/\/hellisholar.is\/wp-content\/uploads\/2022\/09\/hh1.jpg 853w\" sizes=\"(max-width: 768px) 100vw, 768px\" \/>\t\t\t\t\t\t\t\t\t\t\t\t\t\t\t<\/div>\n\t\t\t\t<\/div>\n\t\t\t\t\t<\/div>\n\t\t<\/div>\n\t\t\t\t<div class=\"elementor-column elementor-col-33 elementor-top-column elementor-element elementor-element-f496a54\" data-id=\"f496a54\" data-element_type=\"column\" data-e-type=\"column\">\n\t\t\t<div class=\"elementor-widget-wrap elementor-element-populated\">\n\t\t\t\t\t\t<div class=\"elementor-element elementor-element-c96f8cd elementor-widget elementor-widget-image\" data-id=\"c96f8cd\" data-element_type=\"widget\" data-e-type=\"widget\" data-widget_type=\"image.default\">\n\t\t\t\t<div class=\"elementor-widget-container\">\n\t\t\t\t\t\t\t\t\t\t\t\t\t\t\t<img loading=\"lazy\" decoding=\"async\" width=\"768\" height=\"432\" src=\"https:\/\/hellisholar.is\/wp-content\/uploads\/2022\/09\/hh2-768x432.jpg\" class=\"attachment-medium_large size-medium_large wp-image-2266\" alt=\"restaurant\" srcset=\"https:\/\/hellisholar.is\/wp-content\/uploads\/2022\/09\/hh2-768x432.jpg 768w, https:\/\/hellisholar.is\/wp-content\/uploads\/2022\/09\/hh2-300x169.jpg 300w, https:\/\/hellisholar.is\/wp-content\/uploads\/2022\/09\/hh2-600x338.jpg 600w, https:\/\/hellisholar.is\/wp-content\/uploads\/2022\/09\/hh2.jpg 1000w\" sizes=\"(max-width: 768px) 100vw, 768px\" \/>\t\t\t\t\t\t\t\t\t\t\t\t\t\t\t<\/div>\n\t\t\t\t<\/div>\n\t\t\t\t<div class=\"elementor-element elementor-element-3fef691 elementor-widget elementor-widget-image\" data-id=\"3fef691\" data-element_type=\"widget\" data-e-type=\"widget\" data-widget_type=\"image.default\">\n\t\t\t\t<div class=\"elementor-widget-container\">\n\t\t\t\t\t\t\t\t\t\t\t\t\t\t\t<img loading=\"lazy\" decoding=\"async\" width=\"773\" height=\"774\" src=\"https:\/\/hellisholar.is\/wp-content\/uploads\/2022\/08\/food4.jpg\" class=\"attachment-large size-large wp-image-2122\" alt=\"food4\" srcset=\"https:\/\/hellisholar.is\/wp-content\/uploads\/2022\/08\/food4.jpg 773w, https:\/\/hellisholar.is\/wp-content\/uploads\/2022\/08\/food4-300x300.jpg 300w, https:\/\/hellisholar.is\/wp-content\/uploads\/2022\/08\/food4-150x150.jpg 150w, https:\/\/hellisholar.is\/wp-content\/uploads\/2022\/08\/food4-768x769.jpg 768w, https:\/\/hellisholar.is\/wp-content\/uploads\/2022\/08\/food4-600x601.jpg 600w, https:\/\/hellisholar.is\/wp-content\/uploads\/2022\/08\/food4-100x100.jpg 100w\" sizes=\"(max-width: 773px) 100vw, 773px\" \/>\t\t\t\t\t\t\t\t\t\t\t\t\t\t\t<\/div>\n\t\t\t\t<\/div>\n\t\t\t\t\t<\/div>\n\t\t<\/div>\n\t\t\t\t<div class=\"elementor-column elementor-col-33 elementor-top-column elementor-element elementor-element-4e62884\" data-id=\"4e62884\" data-element_type=\"column\" data-e-type=\"column\">\n\t\t\t<div class=\"elementor-widget-wrap elementor-element-populated\">\n\t\t\t\t\t\t<div class=\"elementor-element elementor-element-a7aa06a elementor-widget elementor-widget-image\" data-id=\"a7aa06a\" data-element_type=\"widget\" data-e-type=\"widget\" data-widget_type=\"image.default\">\n\t\t\t\t<div class=\"elementor-widget-container\">\n\t\t\t\t\t\t\t\t\t\t\t\t\t\t\t<img loading=\"lazy\" decoding=\"async\" width=\"776\" height=\"740\" src=\"https:\/\/hellisholar.is\/wp-content\/uploads\/2022\/08\/food2.jpg\" class=\"attachment-large size-large wp-image-2118\" alt=\"\" srcset=\"https:\/\/hellisholar.is\/wp-content\/uploads\/2022\/08\/food2.jpg 776w, https:\/\/hellisholar.is\/wp-content\/uploads\/2022\/08\/food2-300x286.jpg 300w, https:\/\/hellisholar.is\/wp-content\/uploads\/2022\/08\/food2-768x732.jpg 768w, https:\/\/hellisholar.is\/wp-content\/uploads\/2022\/08\/food2-600x572.jpg 600w\" sizes=\"(max-width: 776px) 100vw, 776px\" \/>\t\t\t\t\t\t\t\t\t\t\t\t\t\t\t<\/div>\n\t\t\t\t<\/div>\n\t\t\t\t\t<\/div>\n\t\t<\/div>\n\t\t\t\t\t<\/div>\n\t\t<\/section>\n\t\t\t\t<\/div>\n\t\t","protected":false},"excerpt":{"rendered":"<p>VEITINGASTA\u00d0UR Veitingasta\u00f0urinn okkar og r\u00e1\u00f0stefnusalur tekur allt a\u00f0 130 manns \u00ed s\u00e6ti og er me\u00f0 st\u00f3rt sj\u00f3nvarp, skj\u00e1varpa og kara\u00f3k\u00edb\u00fana\u00f0. Hann er kj\u00f6rinn vettvangur fyrir alls kyns samkomur, s.s. afm\u00e6li, br\u00fa\u00f0kaup, fundi og r\u00e1\u00f0stefnur. \u00dea\u00f0 b\u00fd\u00f0ur einnig upp \u00e1 venjulegan veitingasta\u00f0 yfir sumart\u00edmann og er opinn fr\u00e1 07:00 til 23:00. Flestir r\u00e9ttirnir okkar eru gl\u00fateinlausir [&hellip;]<\/p>\n","protected":false},"author":1,"featured_media":0,"parent":0,"menu_order":0,"comment_status":"closed","ping_status":"closed","template":"","meta":{"footnotes":""},"class_list":["post-1736","page","type-page","status-publish","hentry"],"_links":{"self":[{"href":"https:\/\/hellisholar.is\/is\/wp-json\/wp\/v2\/pages\/1736","targetHints":{"allow":["GET"]}}],"collection":[{"href":"https:\/\/hellisholar.is\/is\/wp-json\/wp\/v2\/pages"}],"about":[{"href":"https:\/\/hellisholar.is\/is\/wp-json\/wp\/v2\/types\/page"}],"author":[{"embeddable":true,"href":"https:\/\/hellisholar.is\/is\/wp-json\/wp\/v2\/users\/1"}],"replies":[{"embeddable":true,"href":"https:\/\/hellisholar.is\/is\/wp-json\/wp\/v2\/comments?post=1736"}],"version-history":[{"count":9,"href":"https:\/\/hellisholar.is\/is\/wp-json\/wp\/v2\/pages\/1736\/revisions"}],"predecessor-version":[{"id":2334,"href":"https:\/\/hellisholar.is\/is\/wp-json\/wp\/v2\/pages\/1736\/revisions\/2334"}],"wp:attachment":[{"href":"https:\/\/hellisholar.is\/is\/wp-json\/wp\/v2\/media?parent=1736"}],"curies":[{"name":"wp","href":"https:\/\/api.w.org\/{rel}","templated":true}]}}