{"id":1742,"date":"2021-03-09T11:26:31","date_gmt":"2021-03-09T11:26:31","guid":{"rendered":"https:\/\/hellisholar.is\/school-groups\/"},"modified":"2022-09-06T09:35:55","modified_gmt":"2022-09-06T09:35:55","slug":"school-groups","status":"publish","type":"page","link":"https:\/\/hellisholar.is\/is\/school-groups\/","title":{"rendered":"School groups"},"content":{"rendered":"\t\t<div data-elementor-type=\"wp-post\" data-elementor-id=\"1742\" class=\"elementor elementor-1742 elementor-858\" data-elementor-post-type=\"page\">\n\t\t\t\t\t\t<section class=\"elementor-section elementor-top-section elementor-element elementor-element-48c67f79 elementor-section-height-min-height elementor-section-boxed elementor-section-height-default elementor-section-items-middle\" data-id=\"48c67f79\" data-element_type=\"section\" data-e-type=\"section\" data-settings=\"{&quot;background_background&quot;:&quot;classic&quot;}\">\n\t\t\t\t\t\t\t<div class=\"elementor-background-overlay\"><\/div>\n\t\t\t\t\t\t\t<div class=\"elementor-container elementor-column-gap-default\">\n\t\t\t\t\t<div class=\"elementor-column elementor-col-100 elementor-top-column elementor-element elementor-element-fa032b5\" data-id=\"fa032b5\" data-element_type=\"column\" data-e-type=\"column\">\n\t\t\t<div class=\"elementor-widget-wrap elementor-element-populated\">\n\t\t\t\t\t\t<section class=\"elementor-section elementor-inner-section elementor-element elementor-element-31cbe7af elementor-section-boxed elementor-section-height-default elementor-section-height-default\" data-id=\"31cbe7af\" data-element_type=\"section\" data-e-type=\"section\">\n\t\t\t\t\t\t<div class=\"elementor-container elementor-column-gap-default\">\n\t\t\t\t\t<div class=\"elementor-column elementor-col-100 elementor-inner-column elementor-element elementor-element-29e19731\" data-id=\"29e19731\" data-element_type=\"column\" data-e-type=\"column\">\n\t\t\t<div class=\"elementor-widget-wrap elementor-element-populated\">\n\t\t\t\t\t\t<div class=\"elementor-element elementor-element-7e1628f6 elementor-widget elementor-widget-text-editor\" data-id=\"7e1628f6\" data-element_type=\"widget\" data-e-type=\"widget\" data-widget_type=\"text-editor.default\">\n\t\t\t\t<div class=\"elementor-widget-container\">\n\t\t\t\t\t\t\t\t\t<p>SK\u00d3LAH\u00d3PAR<\/p>\n\t\t\t\t\t\t\t\t<\/div>\n\t\t\t\t<\/div>\n\t\t\t\t\t<\/div>\n\t\t<\/div>\n\t\t\t\t\t<\/div>\n\t\t<\/section>\n\t\t\t\t\t<\/div>\n\t\t<\/div>\n\t\t\t\t\t<\/div>\n\t\t<\/section>\n\t\t\t\t<section class=\"elementor-section elementor-top-section elementor-element elementor-element-b611602 elementor-section-boxed elementor-section-height-default elementor-section-height-default\" data-id=\"b611602\" data-element_type=\"section\" data-e-type=\"section\" data-settings=\"{&quot;background_background&quot;:&quot;classic&quot;}\">\n\t\t\t\t\t\t<div class=\"elementor-container elementor-column-gap-default\">\n\t\t\t\t\t<div class=\"elementor-column elementor-col-100 elementor-top-column elementor-element elementor-element-4b3d12ea\" data-id=\"4b3d12ea\" data-element_type=\"column\" data-e-type=\"column\">\n\t\t\t<div class=\"elementor-widget-wrap elementor-element-populated\">\n\t\t\t\t\t\t<div class=\"elementor-element elementor-element-53757fad elementor-widget-divider--view-line elementor-widget elementor-widget-divider\" data-id=\"53757fad\" data-element_type=\"widget\" data-e-type=\"widget\" data-widget_type=\"divider.default\">\n\t\t\t\t<div class=\"elementor-widget-container\">\n\t\t\t\t\t\t\t<div class=\"elementor-divider\">\n\t\t\t<span class=\"elementor-divider-separator\">\n\t\t\t\t\t\t<\/span>\n\t\t<\/div>\n\t\t\t\t\t\t<\/div>\n\t\t\t\t<\/div>\n\t\t\t\t<section class=\"elementor-section elementor-inner-section elementor-element elementor-element-4b91c54d elementor-section-boxed elementor-section-height-default elementor-section-height-default\" data-id=\"4b91c54d\" data-element_type=\"section\" data-e-type=\"section\">\n\t\t\t\t\t\t<div class=\"elementor-container elementor-column-gap-default\">\n\t\t\t\t\t<div class=\"elementor-column elementor-col-100 elementor-inner-column elementor-element elementor-element-194f7add\" data-id=\"194f7add\" data-element_type=\"column\" data-e-type=\"column\">\n\t\t\t<div class=\"elementor-widget-wrap elementor-element-populated\">\n\t\t\t\t\t\t<div class=\"elementor-element elementor-element-76e730b4 elementor-widget elementor-widget-text-editor\" data-id=\"76e730b4\" data-element_type=\"widget\" data-e-type=\"widget\" data-widget_type=\"text-editor.default\">\n\t\t\t\t<div class=\"elementor-widget-container\">\n\t\t\t\t\t\t\t\t\t<p>Fr\u00e1 \u00e1rinu 2004 h\u00f6fum vi\u00f0 s\u00e9rh\u00e6ft okkur \u00ed sk\u00f3lah\u00f3pum. \u00c1rlega koma \u00e1 bilinu 100-200 sk\u00f3lah\u00f3par til okkar. Margir \u00feeirra koma \u00e1r eftir \u00e1r. Vi\u00f0 leggjum metna\u00f0 okkar \u00ed a\u00f0 gera okkar besta fyrir sk\u00f3lah\u00f3pa me\u00f0 g\u00f3\u00f0u h\u00fasn\u00e6\u00f0i og g\u00f3\u00f0um mat. Allir sk\u00f3lah\u00f3par okkar f\u00e1 \u00feriggja r\u00e9tta m\u00e1lt\u00ed\u00f0, morgunmat og h\u00e1degispakka.<br \/>\nVi\u00f0 bj\u00f3\u00f0um upp \u00e1 gistingu \u00e1 h\u00f3telinu okkar, sumarh\u00fasum og farfuglaheimili. Samtals erum vi\u00f0 me\u00f0 313 r\u00fam. Vi\u00f0 erum me\u00f0 mj\u00f6g gott leiksv\u00e6\u00f0i, karaoke, golfv\u00f6ll og vei\u00f0ivatn og margt anna\u00f0 fyrir b\u00f6rn og fullor\u00f0na.<\/p>\n<p>Ver\u00f0i\u00f0 mun koma \u00fe\u00e9r \u00fe\u00e6gilega \u00e1 \u00f3vart.<\/p>\n<p>Sendu okkur t\u00f6lvup\u00f3st og vi\u00f0 munum gera \u00fe\u00e9r tilbo\u00f0.<\/p>\n\t\t\t\t\t\t\t\t<\/div>\n\t\t\t\t<\/div>\n\t\t\t\t\t<\/div>\n\t\t<\/div>\n\t\t\t\t\t<\/div>\n\t\t<\/section>\n\t\t\t\t\t<\/div>\n\t\t<\/div>\n\t\t\t\t\t<\/div>\n\t\t<\/section>\n\t\t\t\t<\/div>\n\t\t","protected":false},"excerpt":{"rendered":"<p>SK\u00d3LAH\u00d3PAR Fr\u00e1 \u00e1rinu 2004 h\u00f6fum vi\u00f0 s\u00e9rh\u00e6ft okkur \u00ed sk\u00f3lah\u00f3pum. \u00c1rlega koma \u00e1 bilinu 100-200 sk\u00f3lah\u00f3par til okkar. Margir \u00feeirra koma \u00e1r eftir \u00e1r. Vi\u00f0 leggjum metna\u00f0 okkar \u00ed a\u00f0 gera okkar besta fyrir sk\u00f3lah\u00f3pa me\u00f0 g\u00f3\u00f0u h\u00fasn\u00e6\u00f0i og g\u00f3\u00f0um mat. Allir sk\u00f3lah\u00f3par okkar f\u00e1 \u00feriggja r\u00e9tta m\u00e1lt\u00ed\u00f0, morgunmat og h\u00e1degispakka. Vi\u00f0 bj\u00f3\u00f0um upp \u00e1 [&hellip;]<\/p>\n","protected":false},"author":1,"featured_media":0,"parent":0,"menu_order":0,"comment_status":"closed","ping_status":"closed","template":"","meta":{"footnotes":""},"class_list":["post-1742","page","type-page","status-publish","hentry"],"_links":{"self":[{"href":"https:\/\/hellisholar.is\/is\/wp-json\/wp\/v2\/pages\/1742","targetHints":{"allow":["GET"]}}],"collection":[{"href":"https:\/\/hellisholar.is\/is\/wp-json\/wp\/v2\/pages"}],"about":[{"href":"https:\/\/hellisholar.is\/is\/wp-json\/wp\/v2\/types\/page"}],"author":[{"embeddable":true,"href":"https:\/\/hellisholar.is\/is\/wp-json\/wp\/v2\/users\/1"}],"replies":[{"embeddable":true,"href":"https:\/\/hellisholar.is\/is\/wp-json\/wp\/v2\/comments?post=1742"}],"version-history":[{"count":3,"href":"https:\/\/hellisholar.is\/is\/wp-json\/wp\/v2\/pages\/1742\/revisions"}],"predecessor-version":[{"id":2355,"href":"https:\/\/hellisholar.is\/is\/wp-json\/wp\/v2\/pages\/1742\/revisions\/2355"}],"wp:attachment":[{"href":"https:\/\/hellisholar.is\/is\/wp-json\/wp\/v2\/media?parent=1742"}],"curies":[{"name":"wp","href":"https:\/\/api.w.org\/{rel}","templated":true}]}}