{"id":1745,"date":"2021-03-09T11:57:21","date_gmt":"2021-03-09T11:57:21","guid":{"rendered":"https:\/\/hellisholar.is\/terms-and-conditions\/"},"modified":"2022-09-01T10:05:49","modified_gmt":"2022-09-01T10:05:49","slug":"terms-and-conditions","status":"publish","type":"page","link":"https:\/\/hellisholar.is\/is\/terms-and-conditions\/","title":{"rendered":"Skilm\u00e1lar"},"content":{"rendered":"\n<p>Hellish\u00f3lar ehf<\/p>\n\n\n\n<p>Hellish\u00f3lum<\/p>\n\n\n\n<p>S:4878360<\/p>\n\n\n\n<p>hellisholar@hellisholar.is<\/p>\n\n\n\n<p>Vsk no. 85390<\/p>\n\n\n\n<p>Opi\u00f0 alla dag milli 08:00 til 21:00 e\u00f0a eftir n\u00e1nara samkomulagi.<\/p>\n\n\n\n<p><strong>SENDINGARSKILM\u00c1LAR<\/strong><\/p>\n\n\n\n<p>Allar pantanirog gjafabr\u00e9f eru afgreiddar n\u00e6sta virka dag eftir grei\u00f0slu p\u00f6ntunar.<\/p>\n\n\n\n<p>\u00de\u00fa f\u00e6r\u00f0 send gjafabr\u00e9f \u00ed emali.<\/p>\n\n\n\n<p>H\u00e6gt er a\u00f0 s\u00e6kja til okkar gjafabr\u00e9fin ef \u00f3ska\u00f0 er eftir a\u00f0 Hellish\u00f3lum 861 hvolsv\u00f6llur e\u00f0a f\u00e1 sent me\u00f0 p\u00f3sti. P\u00f3stsendingar geta teki\u00f0 \u00ferj\u00e1 til fimm virka daga.<\/p>\n\n\n\n<p>Um allar sendingar gilda afhendingar-, \u00e1byrg\u00f0ar- og flutningsskilm\u00e1lar P\u00f3stsins um dreifingu og afhendingu. Skilm\u00e1la P\u00f3stsins m\u00e1 n\u00e1lgast h\u00e9r: <a href=\"https:\/\/www.postur.is\/um-postinn\/upplysingar\/vidskiptaskilmalar\/\">https:\/\/www.postur.is\/um-postinn\/upplysingar\/vidskiptaskilmalar\/<\/a><\/p>\n\n\n\n<p>Hellish\u00f3lar ehf&nbsp; tekur ekki \u00e1byrg\u00f0 \u00e1 v\u00f6ru eftir a\u00f0 h\u00fan hefur veri\u00f0 p\u00f3stl\u00f6g\u00f0.<\/p>\n\n\n\n<p><strong>SKILM\u00c1LAR GJAFABR\u00c9FA<\/strong><\/p>\n\n\n\n<p>Gjafabr\u00e9fi\u00f0 gildir \u00ed \u00e1r fr\u00e1 kaupum og er \u00fea\u00f0 dagsett.<\/p>\n\n\n\n<p>H\u00e6gt er a\u00f0 kaupa gjafabr\u00e9f sem \u00fdmist gilda allt \u00e1ri\u00f0 e\u00f0a yfir einungis yfir vetrart\u00edmann. Dagsetning og gildist\u00edmi eru tiltekin \u00ed tilbo\u00f0inu sj\u00e1lfu og svo \u00e1 gjafabr\u00e9fi.<\/p>\n\n\n\n<p>Handhafa er \u00f3heimilt a\u00f0 nota gjafabr\u00e9fi\u00f0 eftir a\u00f0 gildist\u00edmi \u00feess rennur \u00fat.<\/p>\n\n\n\n<p>Gjafabr\u00e9f f\u00e1st ekki endurgreidd, skila\u00f0 n\u00e9 skipt og \u00feau er ekki h\u00e6gt a\u00f0 framlengja.<\/p>\n\n\n\n<p>Hvers konar endursala \u00e1 gjafabr\u00e9fum er stranglega b\u00f6nnu\u00f0 nema me\u00f0 sam\u00feykki \u00fatgefanda.<\/p>\n\n\n\n<p><strong>L\u00d6G OG VARNAR\u00deING<\/strong><\/p>\n\n\n\n<p>R\u00edsi \u00e1greiningur milli a\u00f0ila um efni \u00feessara skilm\u00e1la e\u00f0a vegna brota \u00e1 \u00feeim m\u00e1 bera vi\u00f0komandi m\u00e1l undir K\u00e6runefnd \u00fej\u00f3nustu og lausafj\u00e1rkaupa hj\u00e1 Neytendastofu. Ef allt \u00fer\u00fdtur er heimilt a\u00f0 reka m\u00e1l vegna \u00feessa fyrir H\u00e9ra\u00f0sd\u00f3mi Su\u00f0urlands skv. \u00e1kv\u00e6\u00f0um laga nr. 91\/1991<\/p>\n","protected":false},"excerpt":{"rendered":"<p>Hellish\u00f3lar ehf Hellish\u00f3lum S:4878360 hellisholar@hellisholar.is Vsk no. 85390 Opi\u00f0 alla dag milli 08:00 til 21:00 e\u00f0a eftir n\u00e1nara samkomulagi. SENDINGARSKILM\u00c1LAR Allar pantanirog gjafabr\u00e9f eru afgreiddar n\u00e6sta virka dag eftir grei\u00f0slu p\u00f6ntunar. \u00de\u00fa f\u00e6r\u00f0 send gjafabr\u00e9f \u00ed emali. H\u00e6gt er a\u00f0 s\u00e6kja til okkar gjafabr\u00e9fin ef \u00f3ska\u00f0 er eftir a\u00f0 Hellish\u00f3lum 861 hvolsv\u00f6llur e\u00f0a f\u00e1 sent [&hellip;]<\/p>\n","protected":false},"author":1,"featured_media":0,"parent":0,"menu_order":0,"comment_status":"closed","ping_status":"closed","template":"","meta":{"footnotes":""},"class_list":["post-1745","page","type-page","status-publish","hentry"],"_links":{"self":[{"href":"https:\/\/hellisholar.is\/is\/wp-json\/wp\/v2\/pages\/1745","targetHints":{"allow":["GET"]}}],"collection":[{"href":"https:\/\/hellisholar.is\/is\/wp-json\/wp\/v2\/pages"}],"about":[{"href":"https:\/\/hellisholar.is\/is\/wp-json\/wp\/v2\/types\/page"}],"author":[{"embeddable":true,"href":"https:\/\/hellisholar.is\/is\/wp-json\/wp\/v2\/users\/1"}],"replies":[{"embeddable":true,"href":"https:\/\/hellisholar.is\/is\/wp-json\/wp\/v2\/comments?post=1745"}],"version-history":[{"count":2,"href":"https:\/\/hellisholar.is\/is\/wp-json\/wp\/v2\/pages\/1745\/revisions"}],"predecessor-version":[{"id":2282,"href":"https:\/\/hellisholar.is\/is\/wp-json\/wp\/v2\/pages\/1745\/revisions\/2282"}],"wp:attachment":[{"href":"https:\/\/hellisholar.is\/is\/wp-json\/wp\/v2\/media?parent=1745"}],"curies":[{"name":"wp","href":"https:\/\/api.w.org\/{rel}","templated":true}]}}